{"id":66,"date":"2022-01-21T20:09:27","date_gmt":"2022-01-21T20:09:27","guid":{"rendered":"https:\/\/grow.com.pt\/pedidos\/tohatsu\/?page_id=66"},"modified":"2022-01-21T20:13:05","modified_gmt":"2022-01-21T20:13:05","slug":"politica-de-privacidade","status":"publish","type":"page","link":"https:\/\/grow.com.pt\/pedidos\/tohatsu\/politica-de-privacidade\/","title":{"rendered":"Pol\u00edtica de privacidade"},"content":{"rendered":"\n<h2 class=\"wp-block-heading\">Quem somos<\/h2>\n\n\n\n<p>O endere\u00e7o do nosso site \u00e9: https:\/\/grow.com.pt\/pedidos\/tohatsu. Este website pertence a Grow Iberia, LDA.<\/p>\n\n\n\n<h2 class=\"wp-block-heading\">Multim\u00e9dia<\/h2>\n\n\n\n<p>Ao carregar imagens para o site, deve evitar carregar imagens com dados incorporados de geolocaliza\u00e7\u00e3o (EXIF GPS). Os visitantes podem descarregar e extrair os dados de geolocaliza\u00e7\u00e3o das imagens do site.<\/p>\n\n\n\n<h2 class=\"wp-block-heading\">Cookies<\/h2>\n\n\n\n<p>Se deixar um coment\u00e1rio no nosso site pode optar por guardar o seu nome, endere\u00e7o de email e site nos cookies. Isto \u00e9 para sua conveni\u00eancia para n\u00e3o ter de preencher novamente os seus dados quando deixar outro coment\u00e1rio. Estes cookies durar\u00e3o um ano.<\/p>\n\n\n\n<p>Se visitar a p\u00e1gina de in\u00edcio de sess\u00e3o, ser\u00e1 configurado um cookie tempor\u00e1rio para determinar se o seu navegador aceita cookies. Este cookie n\u00e3o cont\u00e9m dados pessoais e ser\u00e1 eliminado ao fechar o seu navegador.<\/p>\n\n\n\n<p>Ao iniciar a sess\u00e3o, ser\u00e3o configurados alguns cookies para guardar a sua informa\u00e7\u00e3o de sess\u00e3o e as suas escolhas de visualiza\u00e7\u00e3o de ecr\u00e3. Os cookies de in\u00edcio de sess\u00e3o duram um ano. Se seleccionar &#8220;Lembrar-me&#8221;, a sua sess\u00e3o ir\u00e1 persistir durante duas semanas. Ao terminar a sess\u00e3o, os cookies de inicio de sess\u00e3o ser\u00e3o removidos.<\/p>\n\n\n\n<p>A ferramenta Google Analytics adiciona cookies para medir a quantidade de visitantes ao nosso website. Para remover ou limpar cookies do seu navegador veja abaixo.<\/p>\n\n\n\n<p><br><strong>Configura\u00e7\u00f5es de cookies no Internet Explorer: para desativar todos os cookies no Internet Explorer:<\/strong><\/p>\n\n\n\n<ol class=\"wp-block-list\"><li>Clique no menu \u201cFerramentas\u201d e escolha a op\u00e7\u00e3o \u201cOp\u00e7\u00f5es de Internet\u201d;<\/li><li>Selecione o separador \u201cPrivacidade\u201d;<\/li><li>Mova a barra at\u00e9 surgir a express\u00e3o \u201cBloquear todos os cookies\u201d.<\/li><\/ol>\n\n\n\n<p><strong>Configura\u00e7\u00f5es de cookies no Firefox: para desativar todos os cookies no Firefox:<\/strong><\/p>\n\n\n\n<ol class=\"wp-block-list\"><li>Clique no menu \u201cFerramentas\u201d;<\/li><li>Selecione \u201cOp\u00e7\u00f5es\u201d;<\/li><li>Clique no \u00edcone \u201cPrivacidade\u201d;<\/li><li>Na sec\u00e7\u00e3o \u201cCookies\u201d, desative a op\u00e7\u00e3o \u201cAceitar cookies dos sites\u201d;<\/li><li>Clique em \u201cOK\u201d para guardar as altera\u00e7\u00f5es e fechar.<\/li><\/ol>\n\n\n\n<p><strong>Configura\u00e7\u00f5es de cookies no Chrome: para desativar todos os cookies no Chrome:<\/strong><\/p>\n\n\n\n<ol class=\"wp-block-list\"><li>Clique em \u201cPersonalizar e Controlar o Google Chrome\u201d;<\/li><li>Selecione a op\u00e7\u00e3o \u201cFerramentas\u201d;<\/li><li>Clique em \u201cLimpar dados de navega\u00e7\u00e3o\u201d;<\/li><li>Na caixa de sele\u00e7\u00e3o \u201cLimpe os seguintes itens de:\u201d, escolha a op\u00e7\u00e3o \u201cdesde sempre\u201d;<\/li><li>Selecione as primeiras 4 op\u00e7\u00f5es e clique em \u201cLimpar dados de navega\u00e7\u00e3o\u201d.<\/li><\/ol>\n\n\n\n<p><strong>Configura\u00e7\u00f5es de cookies no Safari web e iOS: para desativar todos os cookies no Safari Web e iOS:<\/strong><\/p>\n\n\n\n<ol class=\"wp-block-list\"><li>Clique em \u201cEdit\u201d (Editar);<\/li><li>Selecione \u201cPreferences\u201d (Prefer\u00eancias);<\/li><li>No painel superior, selecione o \u00edcone \u201cSecurity\u201d (Seguran\u00e7a);<\/li><li>Na sec\u00e7\u00e3o \u201cAccept Cookies\u201d (Aceitar cookies), selecione \u201cNever\u201d (Nunca).<\/li><\/ol>\n\n\n\n<h2 class=\"wp-block-heading\">Com quem s\u00e3o partilhados os seus dados<\/h2>\n\n\n\n<p>Se solicitar uma redefini\u00e7\u00e3o de senha, o seu endere\u00e7o de IP ser\u00e1 inclu\u00eddo no email de redefini\u00e7\u00e3o. Utilizamos Google Analytics para medir quantidade de visitantes.<br>Os dados enviados para pedido de proposta s\u00e3o enviados para a Grow Iberia diretamente. Entre em contacto com a Grow Iberia para mais detalhes sobre como s\u00e3o geridos e mantidos o seus dados.<\/p>\n","protected":false},"excerpt":{"rendered":"<p>Quem somos O endere\u00e7o do nosso site \u00e9: https:\/\/grow.com.pt\/pedidos\/tohatsu. Este website pertence a Grow Iberia, LDA. Multim\u00e9dia Ao carregar imagens para o site, deve evitar carregar imagens com dados incorporados de geolocaliza\u00e7\u00e3o (EXIF GPS). Os visitantes podem descarregar e extrair os dados de geolocaliza\u00e7\u00e3o das imagens do site. Cookies Se deixar um coment\u00e1rio no nosso site pode optar por guardar o seu nome, endere\u00e7o de email e site nos cookies. Isto \u00e9 para sua conveni\u00eancia para n\u00e3o ter de preencher novamente os seus dados quando deixar outro coment\u00e1rio. Estes cookies durar\u00e3o um ano. Se visitar a p\u00e1gina de in\u00edcio de sess\u00e3o, ser\u00e1 configurado um cookie tempor\u00e1rio para determinar se o seu navegador aceita cookies. Este cookie n\u00e3o cont\u00e9m dados pessoais e ser\u00e1 eliminado ao fechar o seu navegador. Ao iniciar a sess\u00e3o, ser\u00e3o configurados alguns cookies para guardar a sua informa\u00e7\u00e3o de sess\u00e3o e as suas escolhas de visualiza\u00e7\u00e3o de ecr\u00e3. Os cookies de in\u00edcio de sess\u00e3o duram um ano. Se seleccionar &#8220;Lembrar-me&#8221;, a sua sess\u00e3o ir\u00e1 persistir durante duas semanas. Ao terminar a sess\u00e3o, os cookies de inicio de sess\u00e3o ser\u00e3o removidos. A ferramenta Google Analytics adiciona cookies para medir a quantidade de visitantes ao nosso website. Para remover ou limpar cookies do seu navegador veja abaixo. Configura\u00e7\u00f5es de cookies no Internet Explorer: para desativar todos os cookies no Internet Explorer: Clique no menu \u201cFerramentas\u201d e escolha a op\u00e7\u00e3o \u201cOp\u00e7\u00f5es de Internet\u201d; Selecione o separador \u201cPrivacidade\u201d; Mova a barra at\u00e9 surgir a express\u00e3o \u201cBloquear todos os cookies\u201d. Configura\u00e7\u00f5es de cookies no Firefox: para desativar todos os cookies no Firefox: Clique no menu \u201cFerramentas\u201d; Selecione \u201cOp\u00e7\u00f5es\u201d; Clique no \u00edcone \u201cPrivacidade\u201d; Na sec\u00e7\u00e3o \u201cCookies\u201d, desative a op\u00e7\u00e3o \u201cAceitar cookies dos sites\u201d; Clique em \u201cOK\u201d para guardar as altera\u00e7\u00f5es e fechar. Configura\u00e7\u00f5es de cookies no Chrome: para desativar todos os cookies no Chrome: Clique em \u201cPersonalizar e Controlar o Google Chrome\u201d; Selecione a op\u00e7\u00e3o \u201cFerramentas\u201d; Clique em \u201cLimpar dados de navega\u00e7\u00e3o\u201d; Na caixa de sele\u00e7\u00e3o \u201cLimpe os seguintes itens de:\u201d, escolha a op\u00e7\u00e3o \u201cdesde sempre\u201d; Selecione as primeiras 4 op\u00e7\u00f5es e clique em \u201cLimpar dados de navega\u00e7\u00e3o\u201d. Configura\u00e7\u00f5es de cookies no Safari web e iOS: para desativar todos os cookies no Safari Web e iOS: Clique em \u201cEdit\u201d (Editar); Selecione \u201cPreferences\u201d (Prefer\u00eancias); No painel superior, selecione o \u00edcone \u201cSecurity\u201d (Seguran\u00e7a); Na sec\u00e7\u00e3o \u201cAccept Cookies\u201d (Aceitar cookies), selecione \u201cNever\u201d (Nunca). Com quem s\u00e3o partilhados os seus dados Se solicitar uma redefini\u00e7\u00e3o de senha, o seu endere\u00e7o de IP ser\u00e1 inclu\u00eddo no email de redefini\u00e7\u00e3o. Utilizamos Google Analytics para medir quantidade de visitantes.Os dados enviados para pedido de proposta s\u00e3o enviados para a Grow Iberia diretamente. Entre em contacto com a Grow Iberia para mais detalhes sobre como s\u00e3o geridos e mantidos o seus dados.<\/p>\n","protected":false},"author":1,"featured_media":0,"parent":0,"menu_order":0,"comment_status":"closed","ping_status":"closed","template":"","meta":{"footnotes":""},"class_list":["post-66","page","type-page","status-publish","hentry"],"_links":{"self":[{"href":"https:\/\/grow.com.pt\/pedidos\/tohatsu\/wp-json\/wp\/v2\/pages\/66","targetHints":{"allow":["GET"]}}],"collection":[{"href":"https:\/\/grow.com.pt\/pedidos\/tohatsu\/wp-json\/wp\/v2\/pages"}],"about":[{"href":"https:\/\/grow.com.pt\/pedidos\/tohatsu\/wp-json\/wp\/v2\/types\/page"}],"author":[{"embeddable":true,"href":"https:\/\/grow.com.pt\/pedidos\/tohatsu\/wp-json\/wp\/v2\/users\/1"}],"replies":[{"embeddable":true,"href":"https:\/\/grow.com.pt\/pedidos\/tohatsu\/wp-json\/wp\/v2\/comments?post=66"}],"version-history":[{"count":2,"href":"https:\/\/grow.com.pt\/pedidos\/tohatsu\/wp-json\/wp\/v2\/pages\/66\/revisions"}],"predecessor-version":[{"id":69,"href":"https:\/\/grow.com.pt\/pedidos\/tohatsu\/wp-json\/wp\/v2\/pages\/66\/revisions\/69"}],"wp:attachment":[{"href":"https:\/\/grow.com.pt\/pedidos\/tohatsu\/wp-json\/wp\/v2\/media?parent=66"}],"curies":[{"name":"wp","href":"https:\/\/api.w.org\/{rel}","templated":true}]}}