{"id":10,"date":"2022-01-19T17:26:21","date_gmt":"2022-01-19T17:26:21","guid":{"rendered":"https:\/\/grow.com.pt\/pedidos\/tohatsu\/?page_id=10"},"modified":"2022-01-24T17:03:23","modified_gmt":"2022-01-24T17:03:23","slug":"honda-marine","status":"publish","type":"page","link":"https:\/\/grow.com.pt\/pedidos\/tohatsu\/","title":{"rendered":"Tohatsu"},"content":{"rendered":"[vc_row css=&#8221;.vc_custom_1642624554178{margin-top: -180px !important;}&#8221;][vc_column offset=&#8221;vc_hidden-md vc_hidden-sm vc_hidden-xs&#8221;]<div class=\"cws_spacing\"><div class=\"cws_spacing cws_spacing_default\" style=\"height:70px;\"><\/div><\/div><div class=\"cws_spacing\"><div class=\"cws_spacing cws_spacing_default\" style=\"height:32px;\"><\/div><\/div><div class=\"cws_spacing\"><div class=\"cws_spacing cws_spacing_default\" style=\"height:16px;\"><\/div><\/div>[\/vc_column][\/vc_row][vc_row][vc_column][vc_custom_heading text=&#8221;PEDIDO DE PROPOSTA&#8221; font_container=&#8221;tag:h2|font_size:36|text_align:center&#8221; google_fonts=&#8221;font_family:Open%20Sans%3A300%2C300italic%2Cregular%2Citalic%2C600%2C600italic%2C700%2C700italic%2C800%2C800italic|font_style:600%20bold%20regular%3A600%3Anormal&#8221;][vc_custom_heading text=&#8221;Receba a nossa melhor proposta para o seu novo motor Tohatsu&#8221; font_container=&#8221;tag:h3|font_size:22|text_align:center&#8221; google_fonts=&#8221;font_family:Open%20Sans%3A300%2C300italic%2Cregular%2Citalic%2C600%2C600italic%2C700%2C700italic%2C800%2C800italic|font_style:400%20regular%3A400%3Anormal&#8221; css_animation=&#8221;fadeInUp&#8221; css=&#8221;.vc_custom_1642796547101{margin-top: 5px !important;}&#8221;]<div class=\"cws_spacing\"><div class=\"cws_spacing cws_spacing_default\" style=\"height:16px;\"><\/div><\/div><div class=\"cws_spacing\"><div class=\"cws_spacing cws_spacing_default\" style=\"height:16px;\"><\/div><\/div>[\/vc_column][\/vc_row][vc_row][vc_column]<div role=\"form\" class=\"wpcf7\" id=\"wpcf7-f8-o1\" lang=\"pt-PT\" dir=\"ltr\">\n<div class=\"screen-reader-response\"><p role=\"status\" aria-live=\"polite\" aria-atomic=\"true\"><\/p> <ul><\/ul><\/div>\n<form action=\"\/pedidos\/tohatsu\/wp-json\/wp\/v2\/pages\/10#wpcf7-f8-o1\" method=\"post\" class=\"wpcf7-form init\" novalidate=\"novalidate\" data-status=\"init\">\n<div style=\"display: none;\">\n<input type=\"hidden\" name=\"_wpcf7\" value=\"8\" \/>\n<input type=\"hidden\" name=\"_wpcf7_version\" value=\"5.5.4\" \/>\n<input type=\"hidden\" name=\"_wpcf7_locale\" value=\"pt_PT\" \/>\n<input type=\"hidden\" name=\"_wpcf7_unit_tag\" value=\"wpcf7-f8-o1\" \/>\n<input type=\"hidden\" name=\"_wpcf7_container_post\" value=\"0\" \/>\n<input type=\"hidden\" name=\"_wpcf7_posted_data_hash\" value=\"\" \/>\n<input type=\"hidden\" name=\"_wpcf7cf_hidden_group_fields\" value=\"\" \/>\n<input type=\"hidden\" name=\"_wpcf7cf_hidden_groups\" value=\"\" \/>\n<input type=\"hidden\" name=\"_wpcf7cf_visible_groups\" value=\"\" \/>\n<input type=\"hidden\" name=\"_wpcf7cf_repeaters\" value=\"[]\" \/>\n<input type=\"hidden\" name=\"_wpcf7cf_steps\" value=\"{}\" \/>\n<input type=\"hidden\" name=\"_wpcf7cf_options\" value=\"{&quot;form_id&quot;:8,&quot;conditions&quot;:[{&quot;then_field&quot;:&quot;retoma-sim&quot;,&quot;and_rules&quot;:[{&quot;if_field&quot;:&quot;retoma&quot;,&quot;operator&quot;:&quot;equals&quot;,&quot;if_value&quot;:&quot;Sim&quot;}]}],&quot;settings&quot;:{&quot;animation&quot;:&quot;yes&quot;,&quot;animation_intime&quot;:200,&quot;animation_outtime&quot;:200,&quot;conditions_ui&quot;:&quot;normal&quot;,&quot;notice_dismissed&quot;:false}}\" \/>\n<\/div>\n<div class=\"cws_form_row\">\n<div class=\"cws_form_column_1\">\n<label>Motor pretendido*<\/label><br \/>\n<span class=\"wpcf7-form-control-wrap motor-pretendido\"><input type=\"text\" name=\"motor-pretendido\" value=\"\" size=\"40\" class=\"wpcf7-form-control wpcf7-text wpcf7-validates-as-required\" aria-required=\"true\" aria-invalid=\"false\" placeholder=\"Que modelo pretende receber uma proposta?\" \/><\/span>\n    <\/div>\n<\/div>\n<div class=\"cws_form_row\">\n<div class=\"cws_form_column_1\">\n<label>Nome*<\/label><br \/>\n<span class=\"wpcf7-form-control-wrap nome-cliente\"><input type=\"text\" name=\"nome-cliente\" value=\"\" size=\"40\" class=\"wpcf7-form-control wpcf7-text wpcf7-validates-as-required\" aria-required=\"true\" aria-invalid=\"false\" placeholder=\"Por favor insira o seu nome.\" \/><\/span>\n    <\/div>\n<\/div>\n<div class=\"cws_form_row\">\n<div class=\"cws_form_column_1\">\n<label>Email*<\/label><br \/>\n        <span class=\"wpcf7-form-control-wrap email-cliente\"><input type=\"email\" name=\"email-cliente\" value=\"\" size=\"40\" class=\"wpcf7-form-control wpcf7-text wpcf7-email wpcf7-validates-as-required wpcf7-validates-as-email\" aria-required=\"true\" aria-invalid=\"false\" placeholder=\"Por favor insira o seu endere\u00e7o de email.\" \/><\/span>\n    <\/div>\n<\/div>\n<div class=\"cws_form_row\">\n<div class=\"cws_form_column_1\">\n<label>Telem\u00f3vel<\/label><br \/>\n        <span class=\"wpcf7-form-control-wrap telemovel-cliente\"><input type=\"text\" name=\"telemovel-cliente\" value=\"\" size=\"40\" class=\"wpcf7-form-control wpcf7-text\" aria-invalid=\"false\" placeholder=\"Por favor insira o seu n\u00famero de telem\u00f3vel.\" \/><\/span>\n    <\/div>\n<\/div>\n<div class=\"cws_form_row\">\n<div class=\"cws_form_column_1\">\n<label>Tem retoma?*<\/label><br \/>\n<span class=\"wpcf7-form-control-wrap retoma\"><select name=\"retoma\" class=\"wpcf7-form-control wpcf7-select wpcf7-validates-as-required\" aria-required=\"true\" aria-invalid=\"false\"><option value=\"\">---<\/option><option value=\"Sim\">Sim<\/option><option value=\"N\u00e3o\">N\u00e3o<\/option><\/select><\/span>\n    <\/div>\n<\/div>\n<div data-id=\"retoma-sim\" data-orig_data_id=\"retoma-sim\"  data-class=\"wpcf7cf_group\">\n<div class=\"cws_form_row\">\n<div class=\"cws_form_column_1\">\n<label>Que modelo e n\u00famero de horas?<\/label><br \/>\n        <span class=\"wpcf7-form-control-wrap modelo-horas\"><textarea name=\"modelo-horas\" cols=\"40\" rows=\"10\" class=\"wpcf7-form-control wpcf7-textarea\" aria-invalid=\"false\" placeholder=\"Por favor descreva qual o modelo para retoma e o n\u00famero de horas.\"><\/textarea><\/span>\n    <\/div>\n<\/div>\n<\/div>\n<div class=\"cws_form_row\">\n<div class=\"cws_form_column_1\">\n<label>Texto adicional \/ Notas<\/label><br \/>\n       <span class=\"wpcf7-form-control-wrap texto-adicional\"><textarea name=\"texto-adicional\" cols=\"40\" rows=\"10\" class=\"wpcf7-form-control wpcf7-textarea\" aria-invalid=\"false\" placeholder=\"Se tiver requisitos, extras ou notas adicionais, por favor descreva nesta zona.\"><\/textarea><\/span>\n    <\/div>\n<\/div>\n<p><span style=\"font-size:12px;\">Os campos marcados com asterisco (*) s\u00e3o de preenchimento obrigat\u00f3rio.<\/span><\/p>\n<p><input type=\"submit\" value=\"Enviar pedido\" class=\"wpcf7-form-control has-spinner wpcf7-submit\" \/><\/p>\n<div class=\"wpcf7-response-output\" aria-hidden=\"true\"><\/div><\/form><\/div><div class=\"cws_spacing\"><div class=\"cws_spacing cws_spacing_default\" style=\"height:70px;\"><\/div><\/div><div class=\"cws_spacing\"><div class=\"cws_spacing cws_spacing_default\" style=\"height:70px;\"><\/div><\/div><div class=\"cws_spacing\"><div class=\"cws_spacing cws_spacing_default\" style=\"height:70px;\"><\/div><\/div>[\/vc_column][\/vc_row][vc_row css=&#8221;.vc_custom_1642624786801{background-color: #f7f7f7 !important;}&#8221;][vc_column width=&#8221;1\/2&#8243;]<div class=\"cws_spacing\"><div class=\"cws_spacing cws_spacing_default\" style=\"height:40px;\"><\/div><\/div><div class=\"cws_spacing\"><div class=\"cws_spacing cws_spacing_default\" style=\"height:40px;\"><\/div><\/div>[vc_single_image image=&#8221;41&#8243; img_size=&#8221;full&#8221; alignment=&#8221;center&#8221; css_animation=&#8221;fadeInUp&#8221;][\/vc_column][vc_column width=&#8221;1\/2&#8243; css=&#8221;.vc_custom_1608654726975{padding-right: 25px !important;padding-left: 25px !important;}&#8221;]<div class=\"cws_spacing\"><div class=\"cws_spacing cws_spacing_default\" style=\"height:40px;\"><\/div><\/div><div class='cws_textmodule cws_vc_shortcode_module' id='cws_textmodule_69decc6c5bba4'><div class='cws_textmodule_wrapper add_divider divider_style_underline'><div class='cws_textmodule_text text_align_left'><div class='cws_textmodule_titles display_block'><h1 class='cws_textmodule_title'><span>Grow Iberia<\/span><\/h1><\/div><div class='cws_textmodule_content'><div class='text_content_wrapper'><p>A Grow Ibeira \u00e9 o importador oficial da Tohatsu para Portugal.<br \/>\nEntre em contacto no caso de quaisquer d\u00favidas ou quest\u00f5es relacionadas com os nossos motores fora-de-borda, barcos, ou concession\u00e1rios.<\/p>\n<p><span style=\"color: #005aab;\">Grow Iberia &#8211; Onde as melhores marcas se encontram<br \/>\n<a style=\"color: #005aab;\" href=\"https:\/\/grow.com.pt\" target=\"_blank\" rel=\"noopener\">https:\/\/grow.com.pt<\/a><\/span><\/p>\n<\/div><\/div><\/div><\/div><\/div><div class=\"cws_spacing\"><div class=\"cws_spacing cws_spacing_default\" style=\"height:40px;\"><\/div><\/div>[\/vc_column][\/vc_row]\n","protected":false},"excerpt":{"rendered":"<p>[vc_row css=&#8221;.vc_custom_1642624554178{margin-top: -180px !important;}&#8221;][vc_column offset=&#8221;vc_hidden-md vc_hidden-sm vc_hidden-xs&#8221;][\/vc_column][\/vc_row][vc_row][vc_column][vc_custom_heading text=&#8221;PEDIDO DE PROPOSTA&#8221; font_container=&#8221;tag:h2|font_size:36|text_align:center&#8221; google_fonts=&#8221;font_family:Open%20Sans%3A300%2C300italic%2Cregular%2Citalic%2C600%2C600italic%2C700%2C700italic%2C800%2C800italic|font_style:600%20bold%20regular%3A600%3Anormal&#8221;][vc_custom_heading text=&#8221;Receba a nossa melhor proposta para o seu novo motor Tohatsu&#8221; font_container=&#8221;tag:h3|font_size:22|text_align:center&#8221; google_fonts=&#8221;font_family:Open%20Sans%3A300%2C300italic%2Cregular%2Citalic%2C600%2C600italic%2C700%2C700italic%2C800%2C800italic|font_style:400%20regular%3A400%3Anormal&#8221; css_animation=&#8221;fadeInUp&#8221; css=&#8221;.vc_custom_1642796547101{margin-top: 5px !important;}&#8221;][\/vc_column][\/vc_row][vc_row][vc_column][\/vc_column][\/vc_row][vc_row css=&#8221;.vc_custom_1642624786801{background-color: #f7f7f7 !important;}&#8221;][vc_column width=&#8221;1\/2&#8243;][vc_single_image image=&#8221;41&#8243; img_size=&#8221;full&#8221; alignment=&#8221;center&#8221; css_animation=&#8221;fadeInUp&#8221;][\/vc_column][vc_column width=&#8221;1\/2&#8243; css=&#8221;.vc_custom_1608654726975{padding-right: 25px !important;padding-left: 25px !important;}&#8221;][\/vc_column][\/vc_row]<\/p>\n","protected":false},"author":1,"featured_media":0,"parent":0,"menu_order":0,"comment_status":"closed","ping_status":"closed","template":"","meta":{"footnotes":""},"class_list":["post-10","page","type-page","status-publish","hentry"],"_links":{"self":[{"href":"https:\/\/grow.com.pt\/pedidos\/tohatsu\/wp-json\/wp\/v2\/pages\/10","targetHints":{"allow":["GET"]}}],"collection":[{"href":"https:\/\/grow.com.pt\/pedidos\/tohatsu\/wp-json\/wp\/v2\/pages"}],"about":[{"href":"https:\/\/grow.com.pt\/pedidos\/tohatsu\/wp-json\/wp\/v2\/types\/page"}],"author":[{"embeddable":true,"href":"https:\/\/grow.com.pt\/pedidos\/tohatsu\/wp-json\/wp\/v2\/users\/1"}],"replies":[{"embeddable":true,"href":"https:\/\/grow.com.pt\/pedidos\/tohatsu\/wp-json\/wp\/v2\/comments?post=10"}],"version-history":[{"count":34,"href":"https:\/\/grow.com.pt\/pedidos\/tohatsu\/wp-json\/wp\/v2\/pages\/10\/revisions"}],"predecessor-version":[{"id":82,"href":"https:\/\/grow.com.pt\/pedidos\/tohatsu\/wp-json\/wp\/v2\/pages\/10\/revisions\/82"}],"wp:attachment":[{"href":"https:\/\/grow.com.pt\/pedidos\/tohatsu\/wp-json\/wp\/v2\/media?parent=10"}],"curies":[{"name":"wp","href":"https:\/\/api.w.org\/{rel}","templated":true}]}}